{"id":335,"date":"2022-01-23T17:42:08","date_gmt":"2022-01-23T16:42:08","guid":{"rendered":"https:\/\/lyzarhb.cz\/2022\/?page_id=335"},"modified":"2026-01-27T09:14:53","modified_gmt":"2026-01-27T08:14:53","slug":"lyzarska-chata","status":"publish","type":"page","link":"https:\/\/lyzarhb.cz\/2022\/lyzarska-chata\/","title":{"rendered":"Ob\u010derstven\u00ed"},"content":{"rendered":"\n<p class=\"has-text-align-center has-neve-link-color-color has-text-color\">Ob\u010derstven\u00ed je k dispozici dle denn\u00ed nab\u00eddky. Seznam alergen\u016f na vy\u017e\u00e1d\u00e1n\u00ed u obsluhy. B\u011bhem n\u00e1v\u0161t\u011bvnicky &#8222;slab\u0161\u00edch&#8220; dn\u016f, m\u016f\u017ee b\u00fdt ob\u010derstven\u00ed formou samoobslu\u017en\u00e9ho baru. <\/p>\n\n\n\n<section class=\"wp-block-themeisle-blocks-advanced-columns alignfull has-3-columns has-desktop-equal-layout has-tablet-equal-layout has-mobile-collapsedRows-layout has-nogap-gap has-vertical-flex-start\" id=\"wp-block-themeisle-blocks-advanced-columns-c35e1bf3\"><div class=\"wp-block-themeisle-blocks-advanced-columns-overlay\"><\/div><div class=\"innerblocks-wrap\">\n<div class=\"wp-block-themeisle-blocks-advanced-column\" id=\"wp-block-themeisle-blocks-advanced-column-7002fb8f\">\n<figure class=\"wp-block-image size-full is-style-default\" id=\"wp-block-themeisle-blocks-image-43d1c6d5\"><img loading=\"lazy\" decoding=\"async\" width=\"539\" height=\"360\" src=\"https:\/\/lyzarhb.cz\/2022\/wp-content\/uploads\/2024\/12\/360_F_470090968_azuc0DDfqk9ABH2gg8GBJHX5SJBj6pcQ.jpg\" alt=\"\" class=\"wp-image-705\" srcset=\"https:\/\/lyzarhb.cz\/2022\/wp-content\/uploads\/2024\/12\/360_F_470090968_azuc0DDfqk9ABH2gg8GBJHX5SJBj6pcQ.jpg 539w, https:\/\/lyzarhb.cz\/2022\/wp-content\/uploads\/2024\/12\/360_F_470090968_azuc0DDfqk9ABH2gg8GBJHX5SJBj6pcQ-300x200.jpg 300w\" sizes=\"auto, (max-width: 539px) 100vw, 539px\" \/><\/figure>\n\n\n\n<h3 class=\"wp-block-heading has-text-align-left\" id=\"sekana-v-housce\">P\u00e1rek v rohl\u00edku<\/h3>\n\n\n\n<p class=\"has-text-align-left\">Rohl\u00edk, p\u00e1rek, om\u00e1\u010dka<\/p>\n\n\n\n<div class=\"wp-block-buttons is-layout-flex wp-block-buttons-is-layout-flex\">\n<div class=\"wp-block-button is-style-primary\"><a class=\"wp-block-button__link wp-element-button\">45- K\u010d<\/a><\/div>\n<\/div>\n<\/div>\n\n\n\n<div class=\"wp-block-themeisle-blocks-advanced-column\" id=\"wp-block-themeisle-blocks-advanced-column-3e5aec1f\">\n<figure class=\"wp-block-image size-large is-style-default\"><img loading=\"lazy\" decoding=\"async\" width=\"1024\" height=\"683\" src=\"https:\/\/lyzarhb.cz\/2022\/wp-content\/uploads\/2022\/01\/DSC_0724-1024x683.jpg\" alt=\"\" class=\"wp-image-340\" srcset=\"https:\/\/lyzarhb.cz\/2022\/wp-content\/uploads\/2022\/01\/DSC_0724-1024x683.jpg 1024w, https:\/\/lyzarhb.cz\/2022\/wp-content\/uploads\/2022\/01\/DSC_0724-300x200.jpg 300w, https:\/\/lyzarhb.cz\/2022\/wp-content\/uploads\/2022\/01\/DSC_0724-768x512.jpg 768w, https:\/\/lyzarhb.cz\/2022\/wp-content\/uploads\/2022\/01\/DSC_0724-1536x1024.jpg 1536w, https:\/\/lyzarhb.cz\/2022\/wp-content\/uploads\/2022\/01\/DSC_0724-2048x1365.jpg 2048w, https:\/\/lyzarhb.cz\/2022\/wp-content\/uploads\/2022\/01\/DSC_0724-930x620.jpg 930w\" sizes=\"auto, (max-width: 1024px) 100vw, 1024px\" \/><\/figure>\n\n\n\n<h3 class=\"wp-block-heading has-text-align-left\" id=\"toast\">Toast<\/h3>\n\n\n\n<p class=\"has-text-align-left\">Toustov\u00fd chl\u00e9b, \u0161unka, s\u00fdr, raj\u010de.<\/p>\n\n\n\n<div class=\"wp-block-buttons is-layout-flex wp-block-buttons-is-layout-flex\">\n<div class=\"wp-block-button is-style-primary\"><a class=\"wp-block-button__link wp-element-button\">45,- K\u010d<\/a><\/div>\n<\/div>\n<\/div>\n\n\n\n<div class=\"wp-block-themeisle-blocks-advanced-column\" id=\"wp-block-themeisle-blocks-advanced-column-be60fbba\">\n<figure class=\"wp-block-image size-large is-style-default\"><img loading=\"lazy\" decoding=\"async\" width=\"1024\" height=\"683\" src=\"https:\/\/lyzarhb.cz\/2022\/wp-content\/uploads\/2022\/01\/DSC_0737-1024x683.jpg\" alt=\"\" class=\"wp-image-341\" srcset=\"https:\/\/lyzarhb.cz\/2022\/wp-content\/uploads\/2022\/01\/DSC_0737-1024x683.jpg 1024w, https:\/\/lyzarhb.cz\/2022\/wp-content\/uploads\/2022\/01\/DSC_0737-300x200.jpg 300w, https:\/\/lyzarhb.cz\/2022\/wp-content\/uploads\/2022\/01\/DSC_0737-768x512.jpg 768w, https:\/\/lyzarhb.cz\/2022\/wp-content\/uploads\/2022\/01\/DSC_0737-1536x1024.jpg 1536w, https:\/\/lyzarhb.cz\/2022\/wp-content\/uploads\/2022\/01\/DSC_0737-2048x1365.jpg 2048w, https:\/\/lyzarhb.cz\/2022\/wp-content\/uploads\/2022\/01\/DSC_0737-930x620.jpg 930w\" sizes=\"auto, (max-width: 1024px) 100vw, 1024px\" \/><\/figure>\n\n\n\n<h3 class=\"wp-block-heading has-text-align-left\" id=\"sladke-pecivo\">Sladk\u00e9 pe\u010divo<\/h3>\n\n\n\n<p class=\"has-text-align-left\">Dle denn\u00ed nab\u00eddky.<\/p>\n\n\n\n<div class=\"wp-block-buttons is-layout-flex wp-block-buttons-is-layout-flex\">\n<div class=\"wp-block-button is-style-primary\"><a class=\"wp-block-button__link wp-element-button\">45,- K\u010d<\/a><\/div>\n<\/div>\n<\/div>\n<\/div><\/section>\n\n\n\n<h2 class=\"wp-block-heading has-text-align-center\" id=\"cenik-podavaneho-obcerstveni\">Cen\u00edk pod\u00e1van\u00e9ho ob\u010derstven\u00ed<br><\/h2>\n\n\n\n<div style=\"height:38px\" aria-hidden=\"true\" class=\"wp-block-spacer\"><\/div>\n\n\n\n<div class=\"wp-block-columns is-layout-flex wp-container-core-columns-is-layout-9d6595d7 wp-block-columns-is-layout-flex\">\n<div class=\"wp-block-column is-layout-flow wp-block-column-is-layout-flow\">\n<h2 class=\"wp-block-heading has-text-align-center\" id=\"napoje-horke\">N\u00e1poje -hork\u00e9<\/h2>\n\n\n\n<figure class=\"wp-block-table is-style-stripes\"><table><tbody><tr><td>\u010caj<\/td><td>35,- K\u010d<\/td><\/tr><tr><td>Hork\u00e1 brusinka\/hru\u0161ka<\/td><td>45,- K\u010d<\/td><\/tr><tr><td>Espresso<\/td><td>40,- K\u010d<\/td><\/tr><tr><td>Caf\u00e9 Americano<\/td><td>40,- K\u010d<\/td><\/tr><tr><td>Caf\u00e9 Latte<\/td><td>59,- K\u010d<\/td><\/tr><tr><td>Cappucino<\/td><td>45,- K\u010d<\/td><\/tr><tr><td>Smetana do k\u00e1vy<\/td><td>3,- K\u010d<\/td><\/tr><tr><td>Grog ( 0,3l)<\/td><td>45,- K\u010d<\/td><\/tr><tr><td>Hork\u00e1 griotka (0,3l)<\/td><td>45,- K\u010d<\/td><\/tr><tr><td>Sva\u0159en\u00e9 v\u00edno (0,3l)<\/td><td>75,- K\u010d<\/td><\/tr><\/tbody><\/table><\/figure>\n\n\n\n<h2 class=\"wp-block-heading has-text-align-center\" id=\"alkohol\">Alkohol<\/h2>\n\n\n\n<figure class=\"wp-block-table is-style-stripes\"><table><tbody><tr><td>Griotka ( 0,05 l)<\/td><td>40,- K\u010d<\/td><\/tr><tr><td>Rum ( 0,05l )<\/td><td>40,- K\u010d<\/td><\/tr><\/tbody><\/table><\/figure>\n<\/div>\n\n\n\n<div class=\"wp-block-column is-layout-flow wp-block-column-is-layout-flow\">\n<h2 class=\"wp-block-heading has-text-align-center\" id=\"napoje-studene\">N\u00e1poje studen\u00e9<\/h2>\n\n\n\n<div class=\"wp-block-columns is-layout-flex wp-container-core-columns-is-layout-9d6595d7 wp-block-columns-is-layout-flex\">\n<div class=\"wp-block-column is-layout-flow wp-block-column-is-layout-flow\" style=\"flex-basis:100%\">\n<figure class=\"wp-block-table is-style-stripes\"><table><tbody><tr><td>Coca Cola \/ Pepsi<\/td><td>40,- K\u010d<\/td><\/tr><tr><td>Fanta<\/td><td>40,- K\u010d<\/td><\/tr><tr><td>Kub\u00edk<\/td><td>45,- K\u010d<\/td><\/tr><tr><td>Kofola<\/td><td>40,- K\u010d<\/td><\/tr><tr><td>Voda neperliv\u00e1 (0,5l)<\/td><td>20,- K\u010d<\/td><\/tr><tr><td>Voda perliv\u00e1 (0,5l)<\/td><td>20,- K\u010d<\/td><\/tr><tr><td>Capri Sun<\/td><td>25,- K\u010d<\/td><\/tr><tr><td>Matoni<\/td><td>40,- K\u010d<\/td><\/tr><\/tbody><\/table><\/figure>\n<\/div>\n<\/div>\n\n\n\n<h2 class=\"wp-block-heading has-text-align-center\" id=\"pivo\">Pivo<\/h2>\n\n\n\n<figure class=\"wp-block-table is-style-stripes\"><table><tbody><tr><td>Bernard lahev ( 0,5l)<\/td><td>40,- K\u010d<\/td><\/tr><tr><td>Bernard \u0161vestka (0,5)<\/td><td>45,- K\u010d<\/td><\/tr><tr><td>Bernard 11\u00b0 (0,5l)<\/td><td>42,- K\u010d<\/td><\/tr><tr><td>Bernard 11\u00b0 (0,3l)<\/td><td>38,- K\u010d<\/td><\/tr><\/tbody><\/table><\/figure>\n<\/div>\n<\/div>\n\n\n\n<h2 class=\"wp-block-heading has-text-align-center\" id=\"obcerstveni\">Ob\u010derstven\u00ed<\/h2>\n\n\n\n<p class=\"has-text-align-center has-neve-link-color-color has-text-color\">Dle denn\u00ed nab\u00eddky<\/p>\n\n\n\n<div class=\"wp-block-columns is-layout-flex wp-container-core-columns-is-layout-9d6595d7 wp-block-columns-is-layout-flex\">\n<div class=\"wp-block-column is-layout-flow wp-block-column-is-layout-flow\">\n<figure class=\"wp-block-table is-style-stripes\"><table><tbody><tr><td>Tatranka<\/td><td>25,- K\u010d<\/td><\/tr><tr><td>Bonb\u00f3ny<\/td><td>40,- K\u010d<\/td><\/tr><tr><td>Bramb\u016frky\/k\u0159upky<\/td><td>45,- K\u010d<\/td><\/tr><tr><td>L\u00edz\u00e1tko<\/td><td>15,- K\u010d<\/td><\/tr><\/tbody><\/table><\/figure>\n<\/div>\n\n\n\n<div class=\"wp-block-column is-layout-flow wp-block-column-is-layout-flow\">\n<figure class=\"wp-block-table is-style-stripes\"><table><tbody><tr><td>P\u00e1rek v rohl\u00edku<\/td><td>45,- K\u010d<\/td><\/tr><tr><td>Toast<\/td><td>45,- K\u010d<\/td><\/tr><tr><td>Pizza dle nab\u00eddky<\/td><td>190,- K\u010d<\/td><\/tr><tr><td>Sladk\u00e9 pe\u010divo (dle denn\u00ed nab\u00eddky)<\/td><td>45,- K\u010d<\/td><\/tr><tr><td>Triangles<\/td><td>95,- K\u010d<\/td><\/tr><\/tbody><\/table><\/figure>\n\n\n\n<p><\/p>\n<\/div>\n<\/div>\n\n\n\n<p class=\"has-text-align-center\">Seznam alergen\u016f na vy\u017e\u00e1d\u00e1n\u00ed u obsluhy. Dobrou chu\u0165!<\/p>\n\n\n\n<p><\/p>\n","protected":false},"excerpt":{"rendered":"<p>Ob\u010derstven\u00ed je k dispozici dle denn\u00ed nab\u00eddky. Seznam alergen\u016f na vy\u017e\u00e1d\u00e1n\u00ed u obsluhy. B\u011bhem n\u00e1v\u0161t\u011bvnicky &#8222;slab\u0161\u00edch&#8220; dn\u016f, m\u016f\u017ee b\u00fdt ob\u010derstven\u00ed formou samoobslu\u017en\u00e9ho baru. Cen\u00edk pod\u00e1van\u00e9ho ob\u010derstven\u00ed N\u00e1poje -hork\u00e9 \u010caj 35,- K\u010d Hork\u00e1 brusinka\/hru\u0161ka 45,- K\u010d Espresso 40,- K\u010d Caf\u00e9 Americano 40,- K\u010d Caf\u00e9 Latte 59,- K\u010d Cappucino 45,- K\u010d Smetana do k\u00e1vy 3,- K\u010d Grog&hellip;&nbsp;<a href=\"https:\/\/lyzarhb.cz\/2022\/lyzarska-chata\/\" class=\"\" rel=\"bookmark\">\u010c\u00edst d\u00e1le &raquo;<span class=\"screen-reader-text\">Ob\u010derstven\u00ed<\/span><\/a><\/p>\n","protected":false},"author":1,"featured_media":0,"parent":0,"menu_order":0,"comment_status":"closed","ping_status":"closed","template":"","meta":{"neve_meta_sidebar":"","neve_meta_container":"","neve_meta_enable_content_width":"","neve_meta_content_width":0,"neve_meta_title_alignment":"","neve_meta_author_avatar":"","neve_post_elements_order":"","neve_meta_disable_header":"","neve_meta_disable_footer":"","neve_meta_disable_title":"","_themeisle_gutenberg_block_has_review":false,"_ti_tpc_template_sync":false,"_ti_tpc_template_id":"","footnotes":""},"class_list":["post-335","page","type-page","status-publish","hentry"],"_links":{"self":[{"href":"https:\/\/lyzarhb.cz\/2022\/wp-json\/wp\/v2\/pages\/335","targetHints":{"allow":["GET"]}}],"collection":[{"href":"https:\/\/lyzarhb.cz\/2022\/wp-json\/wp\/v2\/pages"}],"about":[{"href":"https:\/\/lyzarhb.cz\/2022\/wp-json\/wp\/v2\/types\/page"}],"author":[{"embeddable":true,"href":"https:\/\/lyzarhb.cz\/2022\/wp-json\/wp\/v2\/users\/1"}],"replies":[{"embeddable":true,"href":"https:\/\/lyzarhb.cz\/2022\/wp-json\/wp\/v2\/comments?post=335"}],"version-history":[{"count":46,"href":"https:\/\/lyzarhb.cz\/2022\/wp-json\/wp\/v2\/pages\/335\/revisions"}],"predecessor-version":[{"id":827,"href":"https:\/\/lyzarhb.cz\/2022\/wp-json\/wp\/v2\/pages\/335\/revisions\/827"}],"wp:attachment":[{"href":"https:\/\/lyzarhb.cz\/2022\/wp-json\/wp\/v2\/media?parent=335"}],"curies":[{"name":"wp","href":"https:\/\/api.w.org\/{rel}","templated":true}]}}